{"id":1489,"date":"2018-05-15T17:49:40","date_gmt":"2018-05-15T17:49:40","guid":{"rendered":"http:\/\/cromoclub.com\/contact\/"},"modified":"2023-12-04T13:43:42","modified_gmt":"2023-12-04T11:43:42","slug":"contact","status":"publish","type":"page","link":"https:\/\/cromoclub.com\/fr\/contact\/","title":{"rendered":"Contact"},"content":{"rendered":"\t\t<div data-elementor-type=\"wp-page\" data-elementor-id=\"1489\" class=\"elementor elementor-1489\" data-elementor-post-type=\"page\">\n\t\t\t\t\t\t<section class=\"elementor-section elementor-top-section elementor-element elementor-element-48aa7a00 elementor-section-boxed elementor-section-height-default elementor-section-height-default\" data-id=\"48aa7a00\" data-element_type=\"section\" data-e-type=\"section\" id=\"contacto_events\">\n\t\t\t\t\t\t<div class=\"elementor-container elementor-column-gap-default\">\n\t\t\t\t\t<div class=\"elementor-column elementor-col-100 elementor-top-column elementor-element elementor-element-11ef01b8\" data-id=\"11ef01b8\" data-element_type=\"column\" data-e-type=\"column\">\n\t\t\t<div class=\"elementor-widget-wrap elementor-element-populated\">\n\t\t\t\t\t\t<div class=\"elementor-element elementor-element-14f2caae elementor-widget elementor-widget-text-editor\" data-id=\"14f2caae\" data-element_type=\"widget\" data-e-type=\"widget\" id=\"contacto_events\" data-widget_type=\"text-editor.default\">\n\t\t\t\t<div class=\"elementor-widget-container\">\n\t\t\t\t\t\t\t\t\t[vc_row type=\u00a0\u00bbin_container\u00a0\u00bb bg_position=\u00a0\u00bbleft top\u00a0\u00bb bg_repeat=\u00a0\u00bbno-repeat\u00a0\u00bb text_color=\u00a0\u00bbdark\u00a0\u00bb text_align=\u00a0\u00bbleft\u00a0\u00bb top_padding=\u00a0\u00bb20&Prime;][vc_column width=\u00a0\u00bb1\/2&Prime;][vc_column_text]<h2>Solicita tu presupuesto<\/h2>[\/vc_column_text]<div class=\"divider-wrap\"><div style=\"margin-top: 0px; height: 1px; margin-bottom: 0px;\" data-width=\"100%\" data-animate=\"\" data-animation-delay=\"\" data-color=\"default\" class=\"divider-border\"><\/div><\/div><div class=\"divider-wrap\"><div  class=\"divider\"><\/div><\/div>\n<div class=\"wpcf7 no-js\" id=\"wpcf7-f6-o1\" lang=\"es-ES\" dir=\"ltr\" data-wpcf7-id=\"6\">\n<div class=\"screen-reader-response\"><p role=\"status\" aria-live=\"polite\" aria-atomic=\"true\"><\/p> <ul><\/ul><\/div>\n<form action=\"\/fr\/wp-json\/wp\/v2\/pages\/1489\/#wpcf7-f6-o1\" method=\"post\" class=\"wpcf7-form init\" aria-label=\"Formulaire de contact\" novalidate=\"novalidate\" data-status=\"init\">\n<fieldset class=\"hidden-fields-container\"><input type=\"hidden\" name=\"_wpcf7\" value=\"6\" \/><input type=\"hidden\" name=\"_wpcf7_version\" value=\"6.1.5\" \/><input type=\"hidden\" name=\"_wpcf7_locale\" value=\"es_ES\" \/><input type=\"hidden\" name=\"_wpcf7_unit_tag\" value=\"wpcf7-f6-o1\" \/><input type=\"hidden\" name=\"_wpcf7_container_post\" value=\"0\" \/><input type=\"hidden\" name=\"_wpcf7_posted_data_hash\" value=\"\" \/><input type=\"hidden\" name=\"_wpcf7_recaptcha_response\" value=\"\" \/>\n<\/fieldset>\n<p>Nombre del Proyecto(requerido)\n<\/p>\n<p><span class=\"wpcf7-form-control-wrap\" data-name=\"NombredelProyecto\"><input size=\"40\" maxlength=\"400\" class=\"wpcf7-form-control wpcf7-text wpcf7-validates-as-required\" aria-required=\"true\" aria-invalid=\"false\" value=\"\" type=\"text\" name=\"NombredelProyecto\" \/><\/span>\n<\/p>\n<p>Persona de Contacto (requerido)\n<\/p>\n<p><span class=\"wpcf7-form-control-wrap\" data-name=\"PersonadeContacto\"><input size=\"40\" maxlength=\"400\" class=\"wpcf7-form-control wpcf7-text wpcf7-validates-as-required\" aria-required=\"true\" aria-invalid=\"false\" value=\"\" type=\"text\" name=\"PersonadeContacto\" \/><\/span>\n<\/p>\n<p>Provincia (requerido)\n<\/p>\n<p><span class=\"wpcf7-form-control-wrap\" data-name=\"Provincia\"><input size=\"40\" maxlength=\"400\" class=\"wpcf7-form-control wpcf7-text wpcf7-validates-as-required\" aria-required=\"true\" aria-invalid=\"false\" value=\"\" type=\"text\" name=\"Provincia\" \/><\/span>\n<\/p>\n<p>Tu e-mail (requerido)\n<\/p>\n<p><span class=\"wpcf7-form-control-wrap\" data-name=\"TuE-mail\"><input size=\"40\" maxlength=\"400\" class=\"wpcf7-form-control wpcf7-email wpcf7-validates-as-required wpcf7-text wpcf7-validates-as-email\" aria-required=\"true\" aria-invalid=\"false\" value=\"\" type=\"email\" name=\"TuE-mail\" \/><\/span>\n<\/p>\n<p>N\u00famero de categor\u00edas en el \u00e1lbum\n<\/p>\n<p><span class=\"wpcf7-form-control-wrap\" data-name=\"Nmerodecategoriasenellbum\"><input class=\"wpcf7-form-control wpcf7-number wpcf7-validates-as-required wpcf7-validates-as-number\" min=\"1\" step=\"1\" aria-required=\"true\" aria-invalid=\"false\" value=\"1\" type=\"number\" name=\"Nmerodecategoriasenellbum\" \/><\/span>\n<\/p>\n<p>N\u00famero total de cromos diferentes\n<\/p>\n<p><span class=\"wpcf7-form-control-wrap\" data-name=\"Numerototaldecromosdiferentes\"><input class=\"wpcf7-form-control wpcf7-number wpcf7-validates-as-required wpcf7-validates-as-number\" min=\"1\" step=\"1\" aria-required=\"true\" aria-invalid=\"false\" value=\"1\" type=\"number\" name=\"Numerototaldecromosdiferentes\" \/><\/span>\n<\/p>\n<p>Tipo de \u00e1lbum\n<\/p>\n<p><span class=\"wpcf7-form-control-wrap\" data-name=\"TIPODEALBUM\"><select class=\"wpcf7-form-control wpcf7-select wpcf7-validates-as-required\" aria-required=\"true\" aria-invalid=\"false\" name=\"TIPODEALBUM\"><option value=\"\u00c1lbum CON sobres\">\u00c1lbum CON sobres<\/option><option value=\"\u00c1lbum SIN sobres\">\u00c1lbum SIN sobres<\/option><option value=\"\u00c1lbum impreso\">\u00c1lbum impreso<\/option><\/select><\/span>\n<\/p>\n<p>\u00bfQuieres que Cromo Club haga las fotos?<br \/>\n<span class=\"wpcf7-form-control-wrap\" data-name=\"QuieresqueCromoClubhagalasfotos\"><span class=\"wpcf7-form-control wpcf7-radio\"><span class=\"wpcf7-list-item first\"><input type=\"radio\" name=\"QuieresqueCromoClubhagalasfotos\" value=\"Si\" \/><span class=\"wpcf7-list-item-label\">Si<\/span><\/span><span class=\"wpcf7-list-item last\"><input type=\"radio\" name=\"QuieresqueCromoClubhagalasfotos\" value=\"No\" \/><span class=\"wpcf7-list-item-label\">No<\/span><\/span><\/span><\/span>\n<\/p>\n<p>Tu mensaje\n<\/p>\n<p><span class=\"wpcf7-form-control-wrap\" data-name=\"your-message\"><textarea cols=\"40\" rows=\"10\" maxlength=\"2000\" class=\"wpcf7-form-control wpcf7-textarea\" aria-invalid=\"false\" name=\"your-message\"><\/textarea><\/span>\n<\/p>\n\n<p><input class=\"wpcf7-form-control wpcf7-submit has-spinner\" type=\"submit\" value=\"Enviar Formulario\" \/>\n<\/p><div class=\"wpcf7-response-output\" aria-hidden=\"true\"><\/div>\n<\/form>\n<\/div>\n[\/vc_column][vc_column width=\u00a0\u00bb1\/2&Prime; animation=\u00a0\u00bbnone\u00a0\u00bb column_padding=\u00a0\u00bbno-extra-padding\u00a0\u00bb background_color_opacity=\u00a0\u00bb1&Prime;][vc_column_text]<h2>Contacta con nosotros<\/h2><p>Si tu proyecto no encaja en este formulario, contacta con nosotros y estaremos encantados de ayudarte a plantearlo.<\/p><p style=\"text-align: left;\">Victoria Mart\u00ednez<br \/>Tel.: <a href=\"tel:+34690844029\" target=\"_blank\" rel=\"noopener\">690 84 40 29<\/a><br \/><a href=\"mailto:angel@cromoclub.com\">victoriamartinez@cromoclub.com<\/a><\/p><p>Direcci\u00f3n:<a href=\"https:\/\/www.google.com\/maps?cid=15915177294890588605\" target=\"_blank\" rel=\"noopener\"> Pl. Crist\u00f3bal Col\u00f3n, n\u00ba11, 1\u00aa planta, 28220 Majadahonda. Madrid.<\/a><\/p>[\/vc_column_text][\/vc_column][\/vc_row]\t\t\t\t\t\t\t\t<\/div>\n\t\t\t\t<\/div>\n\t\t\t\t<div class=\"elementor-element elementor-element-073b4ec elementor-widget elementor-widget-text-editor\" data-id=\"073b4ec\" data-element_type=\"widget\" data-e-type=\"widget\" data-widget_type=\"text-editor.default\">\n\t\t\t\t<div class=\"elementor-widget-container\">\n\t\t\t\t\t\t\t\t\t<h2>D\u00f3nde estamos<\/h2>\t\t\t\t\t\t\t\t<\/div>\n\t\t\t\t<\/div>\n\t\t\t\t<div class=\"elementor-element elementor-element-8072b14 elementor-widget elementor-widget-html\" data-id=\"8072b14\" data-element_type=\"widget\" data-e-type=\"widget\" data-widget_type=\"html.default\">\n\t\t\t\t<div class=\"elementor-widget-container\">\n\t\t\t\t\t<iframe src=\"https:\/\/www.google.com\/maps\/embed?pb=!1m18!1m12!1m3!1d3035.1555172337244!2d-3.8739416846023866!3d40.471824379358736!2m3!1f0!2f0!3f0!3m2!1i1024!2i768!4f13.1!3m3!1m2!1s0x0%3A0xdcde116d6f50d9bd!2sCromo%20Club!5e0!3m2!1ses!2ses!4v1642500444731!5m2!1ses!2ses\" width=\"400\" height=\"300\" style=\"border:0;\" allowfullscreen=\"\" loading=\"lazy\"><\/iframe>\t\t\t\t<\/div>\n\t\t\t\t<\/div>\n\t\t\t\t\t<\/div>\n\t\t<\/div>\n\t\t\t\t\t<\/div>\n\t\t<\/section>\n\t\t\t\t<\/div>\n\t\t","protected":false},"excerpt":{"rendered":"<p>[vc_row type=\u00a0\u00bbin_container\u00a0\u00bb full_screen_row_position=\u00a0\u00bbmiddle\u00a0\u00bb scene_position=\u00a0\u00bbcenter\u00a0\u00bb text_color=\u00a0\u00bbdark\u00a0\u00bb text_align=\u00a0\u00bbleft\u00a0\u00bb top_padding=\u00a0\u00bb20&Prime; overlay_strength=\u00a0\u00bb0.3&Prime; shape_divider_position=\u00a0\u00bbbottom\u00a0\u00bb][vc_column column_padding=\u00a0\u00bbno-extra-padding\u00a0\u00bb column_padding_position=\u00a0\u00bball\u00a0\u00bb background_color_opacity=\u00a0\u00bb1&Prime; background_hover_color_opacity=\u00a0\u00bb1&Prime; column_shadow=\u00a0\u00bbnone\u00a0\u00bb column_border_radius=\u00a0\u00bbnone\u00a0\u00bb width=\u00a0\u00bb1\/2&Prime; tablet_text_alignment=\u00a0\u00bbdefault\u00a0\u00bb phone_text_alignment=\u00a0\u00bbdefault\u00a0\u00bb column_border_width=\u00a0\u00bbnone\u00a0\u00bb column_border_style=\u00a0\u00bbsolid\u00a0\u00bb][vc_column_text] Demande ton devis [\/vc_column_text][\/vc_column][vc_column column_padding=\u00a0\u00bbno-extra-padding\u00a0\u00bb column_padding_position=\u00a0\u00bball\u00a0\u00bb background_color_opacity=\u00a0\u00bb1&Prime; background_hover_color_opacity=\u00a0\u00bb1&Prime; column_shadow=\u00a0\u00bbnone\u00a0\u00bb column_border_radius=\u00a0\u00bbnone\u00a0\u00bb&#8230;<\/p>\n","protected":false},"author":1,"featured_media":0,"parent":0,"menu_order":0,"comment_status":"open","ping_status":"open","template":"","meta":{"footnotes":""},"class_list":["post-1489","page","type-page","status-publish"],"aioseo_notices":[],"_links":{"self":[{"href":"https:\/\/cromoclub.com\/fr\/wp-json\/wp\/v2\/pages\/1489\/"}],"collection":[{"href":"https:\/\/cromoclub.com\/fr\/wp-json\/wp\/v2\/pages\/"}],"about":[{"href":"https:\/\/cromoclub.com\/fr\/wp-json\/wp\/v2\/types\/page\/"}],"author":[{"embeddable":true,"href":"https:\/\/cromoclub.com\/fr\/wp-json\/wp\/v2\/users\/1\/"}],"replies":[{"embeddable":true,"href":"https:\/\/cromoclub.com\/fr\/wp-json\/wp\/v2\/comments\/?post=1489"}],"version-history":[{"count":6,"href":"https:\/\/cromoclub.com\/fr\/wp-json\/wp\/v2\/pages\/1489\/revisions\/"}],"predecessor-version":[{"id":1667,"href":"https:\/\/cromoclub.com\/fr\/wp-json\/wp\/v2\/pages\/1489\/revisions\/1667\/"}],"wp:attachment":[{"href":"https:\/\/cromoclub.com\/fr\/wp-json\/wp\/v2\/media\/?parent=1489"}],"curies":[{"name":"wp","href":"https:\/\/api.w.org\/{rel}","templated":true}]}}