{"id":1500,"date":"2018-05-15T17:53:15","date_gmt":"2018-05-15T17:53:15","guid":{"rendered":"http:\/\/cromoclub.com\/autres-produits\/"},"modified":"2023-12-04T11:48:06","modified_gmt":"2023-12-04T09:48:06","slug":"autres-produits","status":"publish","type":"page","link":"https:\/\/cromoclub.com\/fr\/autres-produits\/","title":{"rendered":"Autres produits"},"content":{"rendered":"[vc_row type=\u00a0\u00bbin_container\u00a0\u00bb bg_position=\u00a0\u00bbleft top\u00a0\u00bb bg_repeat=\u00a0\u00bbno-repeat\u00a0\u00bb text_color=\u00a0\u00bbdark\u00a0\u00bb text_align=\u00a0\u00bbleft\u00a0\u00bb top_padding=\u00a0\u00bb40&Prime;][vc_column width=\u00a0\u00bb1\/2&Prime; animation=\u00a0\u00bbnone\u00a0\u00bb centered_text=\u00a0\u00bbtrue\u00a0\u00bb column_padding=\u00a0\u00bbpadding-8-percent\u00a0\u00bb background_color_opacity=\u00a0\u00bb1&Prime; background_image=\u00a0\u00bb592&Prime; font_color=\u00a0\u00bb#ffffff\u00a0\u00bb][vc_column_text]\n<h1 style=\"text-align: center;\"><span style=\"text-decoration: underline; color: #ffffff;\"><span style=\"text-decoration: underline;\">Calendriers personnalis\u00e9s.<\/span><\/span><\/h1>\n<h4 style=\"text-align: center;\"><span style=\"color: #ffffff;\">Cherche de nouvelles mani\u00e8res de financer ton \u00e9quipe, ton club ou tes \u00e9v\u00e8nements sportifs avec nos calendriers personnalis\u00e9s. En 1 exemplaire, une qualit\u00e9 d\u2019impression optimale. Demande un devis gratuit.<\/span><\/h4>\n[\/vc_column_text][\/vc_column][vc_column width=\u00a0\u00bb1\/2&Prime; animation=\u00a0\u00bbfade-in\u00a0\u00bb column_padding=\u00a0\u00bbpadding-8-percent\u00a0\u00bb background_color_opacity=\u00a0\u00bb1&Prime; background_image=\u00a0\u00bb599&Prime;][vc_column_text]\n<h1 style=\"text-align: center;\"><span style=\"text-decoration: underline; color: #ffffff;\"><span style=\"text-decoration: underline;\">Echarpes personnalis\u00e9es.<\/span><\/span><\/h1>\n<h4 style=\"text-align: center;\"><span style=\"color: #ffffff;\">Avec nos \u00e9charpes personnalis\u00e9es, ton \u00e9quipe sera imparable. Muni ton passe-temps favori aux couleurs de ton \u00e9quipe et ressens la passion du sport.<\/span><\/h4>\n[\/vc_column_text][\/vc_column][\/vc_row][vc_row type=\u00a0\u00bbin_container\u00a0\u00bb bg_position=\u00a0\u00bbleft top\u00a0\u00bb bg_repeat=\u00a0\u00bbno-repeat\u00a0\u00bb text_color=\u00a0\u00bbdark\u00a0\u00bb text_align=\u00a0\u00bbleft\u00a0\u00bb top_padding=\u00a0\u00bb0&Prime; bottom_padding=\u00a0\u00bb0&Prime;][vc_column width=\u00a0\u00bb1\/2&Prime; animation=\u00a0\u00bbnone\u00a0\u00bb centered_text=\u00a0\u00bbtrue\u00a0\u00bb column_padding=\u00a0\u00bbpadding-8-percent\u00a0\u00bb background_color_opacity=\u00a0\u00bb1&Prime; background_image=\u00a0\u00bb784&Prime; font_color=\u00a0\u00bb#ffffff\u00a0\u00bb][vc_column_text]\n<h1 style=\"text-align: center;\"><span style=\"text-decoration: underline; color: #ffffff;\"><span style=\"text-decoration: underline;\">Vignettes XXL<\/span><\/span><\/h1>\n<h4 style=\"text-align: center;\"><span style=\"color: #ffffff;\">Et si collectionner ton propre album de vignettes ne te suffit pas, nous t\u2019offrons la possibilit\u00e9 de commander ta vignette en taille g\u00e9ante (Dim A3). Sois pr\u00eat \u00e0 l\u2019encadrer et \u00e0 l\u2019accrocher! Ne reste pas sans elle!<\/span><\/h4>\n[\/vc_column_text][\/vc_column][vc_column width=\u00a0\u00bb1\/2&Prime; animation=\u00a0\u00bbfade-in\u00a0\u00bb column_padding=\u00a0\u00bbpadding-8-percent\u00a0\u00bb background_color_opacity=\u00a0\u00bb1&Prime;][\/vc_column][\/vc_row]\n","protected":false},"excerpt":{"rendered":"<p>[vc_row type=\u00a0\u00bbin_container\u00a0\u00bb bg_position=\u00a0\u00bbleft top\u00a0\u00bb bg_repeat=\u00a0\u00bbno-repeat\u00a0\u00bb text_color=\u00a0\u00bbdark\u00a0\u00bb text_align=\u00a0\u00bbleft\u00a0\u00bb top_padding=\u00a0\u00bb40&Prime;][vc_column width=\u00a0\u00bb1\/2&Prime; animation=\u00a0\u00bbnone\u00a0\u00bb centered_text=\u00a0\u00bbtrue\u00a0\u00bb column_padding=\u00a0\u00bbpadding-8-percent\u00a0\u00bb background_color_opacity=\u00a0\u00bb1&Prime; background_image=\u00a0\u00bb592&Prime; font_color=\u00a0\u00bb#ffffff\u00a0\u00bb][vc_column_text] Calendriers personnalis\u00e9s. Cherche de nouvelles mani\u00e8res de financer ton \u00e9quipe, ton club ou tes \u00e9v\u00e8nements&#8230;<\/p>\n","protected":false},"author":1,"featured_media":0,"parent":0,"menu_order":0,"comment_status":"closed","ping_status":"open","template":"","meta":{"footnotes":""},"class_list":["post-1500","page","type-page","status-publish"],"aioseo_notices":[],"_links":{"self":[{"href":"https:\/\/cromoclub.com\/fr\/wp-json\/wp\/v2\/pages\/1500\/"}],"collection":[{"href":"https:\/\/cromoclub.com\/fr\/wp-json\/wp\/v2\/pages\/"}],"about":[{"href":"https:\/\/cromoclub.com\/fr\/wp-json\/wp\/v2\/types\/page\/"}],"author":[{"embeddable":true,"href":"https:\/\/cromoclub.com\/fr\/wp-json\/wp\/v2\/users\/1\/"}],"replies":[{"embeddable":true,"href":"https:\/\/cromoclub.com\/fr\/wp-json\/wp\/v2\/comments\/?post=1500"}],"version-history":[{"count":4,"href":"https:\/\/cromoclub.com\/fr\/wp-json\/wp\/v2\/pages\/1500\/revisions\/"}],"predecessor-version":[{"id":1563,"href":"https:\/\/cromoclub.com\/fr\/wp-json\/wp\/v2\/pages\/1500\/revisions\/1563\/"}],"wp:attachment":[{"href":"https:\/\/cromoclub.com\/fr\/wp-json\/wp\/v2\/media\/?parent=1500"}],"curies":[{"name":"wp","href":"https:\/\/api.w.org\/{rel}","templated":true}]}}