{"id":1506,"date":"2018-05-15T17:55:36","date_gmt":"2018-05-15T17:55:36","guid":{"rendered":"http:\/\/cromoclub.com\/avantages\/"},"modified":"2023-12-04T11:44:14","modified_gmt":"2023-12-04T09:44:14","slug":"avantages","status":"publish","type":"page","link":"https:\/\/cromoclub.com\/fr\/avantages\/","title":{"rendered":"Avantages"},"content":{"rendered":"[vc_row type=\u00a0\u00bbfull_width_background\u00a0\u00bb bg_position=\u00a0\u00bbleft top\u00a0\u00bb bg_repeat=\u00a0\u00bbno-repeat\u00a0\u00bb text_color=\u00a0\u00bblight\u00a0\u00bb text_align=\u00a0\u00bbcenter\u00a0\u00bb top_padding=\u00a0\u00bb50&Prime; bg_color=\u00a0\u00bb#315871&Prime; bottom_padding=\u00a0\u00bb50&Prime;][vc_column width=\u00a0\u00bb1\/1&Prime;][vc_column_text]\n<h1 style=\"text-align: center;\">\u00ab\u00a0De la distraction des plus petits au souvenir ind\u00e9l\u00e9bile des plus grands\u00a0\u00bb.<\/h1>\n[\/vc_column_text][\/vc_column][\/vc_row][vc_row type=\u00a0\u00bbin_container\u00a0\u00bb bg_position=\u00a0\u00bbleft top\u00a0\u00bb bg_repeat=\u00a0\u00bbno-repeat\u00a0\u00bb text_color=\u00a0\u00bbdark\u00a0\u00bb text_align=\u00a0\u00bbleft\u00a0\u00bb top_padding=\u00a0\u00bb20&Prime;][vc_column width=\u00a0\u00bb1\/3&Prime;]<div class=\"img-with-aniamtion-wrap right\" data-max-width=\"100%\" data-border-radius=\"\"><div class=\"inner\"><img fetchpriority=\"high\" decoding=\"async\" data-shadow=\"none\" data-shadow-direction=\"middle\" class=\"img-with-animation \" data-delay=\"0\" height=\"706\" width=\"646\" data-animation=\"fade-in\" src=\"https:\/\/cromoclub.com\/wp-content\/uploads\/2014\/04\/beneficios-copa1.png\" srcset=\"https:\/\/cromoclub.com\/wp-content\/uploads\/2014\/04\/beneficios-copa1.png 646w, https:\/\/cromoclub.com\/wp-content\/uploads\/2014\/04\/beneficios-copa1-274x300.png 274w\" sizes=\"100vw\" alt=\"\" \/><\/div><\/div>[\/vc_column][vc_column width=\u00a0\u00bb2\/3&Prime;]<div class=\"nectar-fancy-ul\" data-list-icon=\"icon-ok\" data-animation=\"true\" data-animation-delay=\"0\" data-color=\"accent-color\" data-alignment=\"left\"> \n<ul>\n<li>\n<h5>Cr\u00e9er des b\u00e9n\u00e9fices \u00e9conomiques \u00e0 travers la vente de produits, amortissant les co\u00fbts et g\u00e9n\u00e9rant de nouveaux revenus.<\/h5>\n<\/li>\n<li>\n<h5>Proposer un nouveau support publicitaire pour les sponsors et collaborateurs.<\/h5>\n<\/li>\n<li>\n<h5>Cr\u00e9er une union en tant qu\u2019institution sportive, ainsi qu\u2019entre les joueurs de diff\u00e9rentes cat\u00e9gories.<\/h5>\n<\/li>\n<li>\n<h5>Consolider l\u2019image de marque des clubs.<\/h5>\n<\/li>\n<li>\n<h5>Augmenter la fid\u00e9lit\u00e9 des supporters.<\/h5>\n<\/li>\n<li>\n<h5>Assurer une capacit\u00e9 \u00e0 personnaliser chaque album (donn\u00e9es, joueurs, information, m\u00e9moire du club\u2026).<\/h5>\n<\/li>\n<li>\n<h5>Avoir la possibilite\u0301 de reporter les impressions.<\/h5>\n<\/li>\n<\/ul>\n <\/div>[\/vc_column][\/vc_row][vc_row type=\u00a0\u00bbfull_width_background\u00a0\u00bb bg_position=\u00a0\u00bbleft top\u00a0\u00bb bg_repeat=\u00a0\u00bbno-repeat\u00a0\u00bb text_color=\u00a0\u00bblight\u00a0\u00bb text_align=\u00a0\u00bbleft\u00a0\u00bb top_padding=\u00a0\u00bb60&Prime; bottom_padding=\u00a0\u00bb60&Prime; bg_image=\u00a0\u00bb258&Prime;][vc_column width=\u00a0\u00bb1\/1&Prime;][vc_column_text]\n<h2 style=\"text-align: center;\">Que pensent nos clients<\/h2>\n[\/vc_column_text]<div class=\"divider-wrap\"><div style=\"margin-top: 12px; width: 20%px; height: 1px; margin-bottom: 12px;\" data-width=\"20%\" data-animate=\"\" data-animation-delay=\"\" data-color=\"default\" class=\"divider-small-border\"><\/div><\/div>[testimonial_slider autorotate=\u00a0\u00bb5000&Prime;][testimonial title=\u00a0\u00bbTestimonial\u00a0\u00bb id=\u00a0\u00bb1397559790-1-54&Prime; name=\u00a0\u00bbFrancisco J. Cort\u00e9s (CD. Semperapid)\u00a0\u00bb quote=\u00a0\u00bbCela a \u00e9t\u00e9 une tr\u00e8s bonne exp\u00e9rience, les photographes, Julia et Fernando ainsi que la commerciale de la communaut\u00e9 Valencienne, D\u00e9sir\u00e9e, nous sommes enchant\u00e9s.\u00a0\u00bb] Click the edit button to add your testimonial. [\/testimonial][testimonial title=\u00a0\u00bbTestimonial\u00a0\u00bb id=\u00a0\u00bb1397559790-2-81&Prime; name=\u00a0\u00bbC\u00e9sar Quintero (C.E.F. Juventud Sanse)\u00a0\u00bb quote=\u00a0\u00bbNotre exp\u00e9rience avec Cromo Club a \u00e9t\u00e9 tr\u00e8s satisfaisante. Tant au niveau de la cr\u00e9ation des albums, en travaillant ensemble, comme au cours des ultimes services, Cromo Club a d\u00e9montr\u00e9 \u00eatre un partenaire de confiance.\u00a0\u00bb] Click the edit button to add your testimonial. [\/testimonial][testimonial title=\u00a0\u00bbTestimonial\u00a0\u00bb id=\u00a0\u00bb1397559918095-0-1&Prime; name=\u00a0\u00bbRub\u00e9n Rivera (Assets Manager de Coca-Cola Iberia)\u00a0\u00bb quote=\u00a0\u00bbDerri\u00e8re cette excellente id\u00e9e tr\u00e8s simple en apparence, comme la cr\u00e9ation d\u2019un album de vignettes, se cache beaucoup de travail. Et ce travail r\u00e9alis\u00e9 avec Cromo Club a \u00e9t\u00e9 un r\u00e9el succ\u00e8s.\u00a0\u00bb][\/testimonial][\/testimonial_slider][\/vc_column][\/vc_row][vc_row type=\u00a0\u00bbin_container\u00a0\u00bb bg_position=\u00a0\u00bbleft top\u00a0\u00bb bg_repeat=\u00a0\u00bbno-repeat\u00a0\u00bb text_color=\u00a0\u00bbdark\u00a0\u00bb text_align=\u00a0\u00bbleft\u00a0\u00bb top_padding=\u00a0\u00bb20&Prime;][vc_column width=\u00a0\u00bb1\/1&Prime;][vc_column_text]\n<h2 style=\"text-align: center;\">L\u2019album comme support publicitaire et marketing<\/h2>\n<div class=\"page\" title=\"Page 1\">\n<div class=\"layoutArea\">\n<div class=\"column\">\n<h5 style=\"text-align: center;\">Voulez-vous assurer le succe\u0300s e\u0301conomique de votre album ? Faites- le en inse\u0301rant de la publicite\u0301 d\u2019entreprises, sponsors et collaborateurs<strong style=\"text-align: center;\">.<\/strong><\/h5>\n<\/div>\n<\/div>\n<\/div>\n[\/vc_column_text]<div class=\"divider-wrap\"><div style=\"margin-top: 12px; height: 1px; margin-bottom: 12px;\" data-width=\"100%\" data-animate=\"\" data-animation-delay=\"\" data-color=\"default\" class=\"divider-border\"><\/div><\/div>[\/vc_column][\/vc_row][vc_row][vc_column width=\u00a0\u00bb1\/2&Prime;][vc_column_text]Depuis que les clients ajoutent \u00e0 leurs ventes la collection de vignettes de leurs joueurs, l\u2019album profite \u00e0 tous. Un encart publicitaire directement inclut au produit, g\u00e9n\u00e8re un grand nombre de b\u00e9n\u00e9fices.<\/p>\n<p>L\u2019album commence d\u2019abord par un \u00e9change entre les joueurs. L\u2019album s\u2019ouvre plus d\u2019une fois pour y coller une vignette (Environ 200 minutes pour le compl\u00e9ter).<\/p>\n<p>Lorsque la collection est enfin compl\u00e8te, l\u2019album se convertit en un tr\u00e9sor \u00e0 partager avec fiert\u00e9 se conservant avec amour, \u00e0 vie. Les parents et les familles jouent, \u00e0 ce moment-l\u00e0, un r\u00f4le fondamental de diffuseur du produit et de la publicit\u00e9 qui se trouve \u00e0 l\u2019int\u00e9rieur. Il n\u2019y a pas plus grande fiert\u00e9 pour un parent de retrouver son enfant au c\u0153ur d\u2019un album personnalis\u00e9, comme s\u2019ils \u00e9taient leurs idoles sportives. Ce sont tous les avantages d\u2019offrir un produit unique et innovant.<\/p>\n<p>De plus, ce produit maintient un int\u00e9r\u00eat et une visibilit\u00e9 certaine avec le temps. Il est un objet de contemplation durable et de grande valeur. Au fil des ann\u00e9es, l\u2019album augmente sa valeur sentimentale et donc avec lui l\u2019utilit\u00e9 des encarts publicitaires qu\u2019il enferme.\u00a0 Le souvenir est une des valeurs les plus significatives de la publicit\u00e9 et par cons\u00e9quent de notre produit.[\/vc_column_text][\/vc_column][vc_column width=\u00a0\u00bb1\/2&Prime;]<div class=\"img-with-aniamtion-wrap right\" data-max-width=\"100%\" data-border-radius=\"\"><div class=\"inner\"><img decoding=\"async\" data-shadow=\"none\" data-shadow-direction=\"middle\" class=\"img-with-animation \" data-delay=\"0\" height=\"538\" width=\"700\" data-animation=\"fade-in\" src=\"https:\/\/cromoclub.com\/wp-content\/uploads\/2014\/04\/ventajas-publicidad1.png\" srcset=\"https:\/\/cromoclub.com\/wp-content\/uploads\/2014\/04\/ventajas-publicidad1.png 700w, https:\/\/cromoclub.com\/wp-content\/uploads\/2014\/04\/ventajas-publicidad1-300x230.png 300w\" sizes=\"100vw\" alt=\"Ventajas de tener un \u00e1lbum de cromos\" \/><\/div><\/div>[\/vc_column][\/vc_row]\n","protected":false},"excerpt":{"rendered":"<p>[vc_row type=\u00a0\u00bbfull_width_background\u00a0\u00bb bg_position=\u00a0\u00bbleft top\u00a0\u00bb bg_repeat=\u00a0\u00bbno-repeat\u00a0\u00bb text_color=\u00a0\u00bblight\u00a0\u00bb text_align=\u00a0\u00bbcenter\u00a0\u00bb top_padding=\u00a0\u00bb50&Prime; bg_color=\u00a0\u00bb#315871&Prime; bottom_padding=\u00a0\u00bb50&Prime;][vc_column width=\u00a0\u00bb1\/1&Prime;][vc_column_text] \u00ab\u00a0De la distraction des plus petits au souvenir ind\u00e9l\u00e9bile des plus grands\u00a0\u00bb. [\/vc_column_text][\/vc_column][\/vc_row][vc_row type=\u00a0\u00bbin_container\u00a0\u00bb bg_position=\u00a0\u00bbleft top\u00a0\u00bb bg_repeat=\u00a0\u00bbno-repeat\u00a0\u00bb text_color=\u00a0\u00bbdark\u00a0\u00bb text_align=\u00a0\u00bbleft\u00a0\u00bb&#8230;<\/p>\n","protected":false},"author":1,"featured_media":0,"parent":0,"menu_order":0,"comment_status":"closed","ping_status":"open","template":"","meta":{"footnotes":""},"aioseo_notices":[],"_links":{"self":[{"href":"https:\/\/cromoclub.com\/fr\/wp-json\/wp\/v2\/pages\/1506\/"}],"collection":[{"href":"https:\/\/cromoclub.com\/fr\/wp-json\/wp\/v2\/pages\/"}],"about":[{"href":"https:\/\/cromoclub.com\/fr\/wp-json\/wp\/v2\/types\/page\/"}],"author":[{"embeddable":true,"href":"https:\/\/cromoclub.com\/fr\/wp-json\/wp\/v2\/users\/1\/"}],"replies":[{"embeddable":true,"href":"https:\/\/cromoclub.com\/fr\/wp-json\/wp\/v2\/comments\/?post=1506"}],"version-history":[{"count":12,"href":"https:\/\/cromoclub.com\/fr\/wp-json\/wp\/v2\/pages\/1506\/revisions\/"}],"predecessor-version":[{"id":1566,"href":"https:\/\/cromoclub.com\/fr\/wp-json\/wp\/v2\/pages\/1506\/revisions\/1566\/"}],"wp:attachment":[{"href":"https:\/\/cromoclub.com\/fr\/wp-json\/wp\/v2\/media\/?parent=1506"}],"curies":[{"name":"wp","href":"https:\/\/api.w.org\/{rel}","templated":true}]}}