{"id":1537,"date":"2018-05-15T18:05:43","date_gmt":"2018-05-15T18:05:43","guid":{"rendered":"http:\/\/cromoclub.com\/qui-sommes\/"},"modified":"2023-12-04T11:40:23","modified_gmt":"2023-12-04T09:40:23","slug":"qui-sommes","status":"publish","type":"page","link":"https:\/\/cromoclub.com\/fr\/qui-sommes\/","title":{"rendered":"qui sommes"},"content":{"rendered":"[vc_row type=\u00a0\u00bbin_container\u00a0\u00bb full_screen_row_position=\u00a0\u00bbmiddle\u00a0\u00bb scene_position=\u00a0\u00bbcenter\u00a0\u00bb text_color=\u00a0\u00bbdark\u00a0\u00bb text_align=\u00a0\u00bbleft\u00a0\u00bb top_padding=\u00a0\u00bb20&Prime; overlay_strength=\u00a0\u00bb0.3&Prime; shape_divider_position=\u00a0\u00bbbottom\u00a0\u00bb][vc_column column_padding=\u00a0\u00bbno-extra-padding\u00a0\u00bb column_padding_position=\u00a0\u00bball\u00a0\u00bb background_color_opacity=\u00a0\u00bb1&Prime; background_hover_color_opacity=\u00a0\u00bb1&Prime; column_shadow=\u00a0\u00bbnone\u00a0\u00bb column_border_radius=\u00a0\u00bbnone\u00a0\u00bb width=\u00a0\u00bb1\/2&Prime; tablet_text_alignment=\u00a0\u00bbdefault\u00a0\u00bb phone_text_alignment=\u00a0\u00bbdefault\u00a0\u00bb column_border_width=\u00a0\u00bbnone\u00a0\u00bb column_border_style=\u00a0\u00bbsolid\u00a0\u00bb][vc_column_text]Cromo Club est le r\u00eave de trois entrepreneurs qui, apr\u00e8s 15 ans d\u2019exp\u00e9rience \u00e0 jouer dans l\u2019\u00e9quipe r\u00e9gionale madril\u00e8ne de football, ont su identifier les besoins de diff\u00e9renciation et de financement que rencontrent les associations sportives.<\/p>\n<p>Notre philosophie de travail est orient\u00e9e vers le client car nous estimons que son b\u00e9n\u00e9fice est avant tout, le n\u00f4tre. C\u2019est pourquoi, Cromo Club s\u2019adapte \u00e0 tes besoins et t\u2019offre une attention personnalis\u00e9e. Car chaque projet est authentique, unique et irrempla\u00e7able.<\/p>\n<p>Nous \u00e9ditons et produisons des publications sportives \u00e0 diff\u00e9rents niveaux, quelle qu\u2019en soit la discipline sportive. Nous ne faisons pas de distinctions entre les petits et les grands projets. Cromo Club travaille avec le m\u00eame enthousiasme pour les professionnels que pour les amateurs qui veulent se sentir professionnels.<\/p>\n<p>Nous offrons nos services principalement dans le cadre national, en comptant avec des publicit\u00e9s dans les principales villes du territoire espagnol (Madrid, Barcelone, Valence, Santander, C\u00f3rdoba, etc.). Cromo Club n&rsquo;a pas de fronti\u00e8res ni de limites et nous avons r\u00e9cemment lanc\u00e9 des actions dans d&rsquo;autres pays tels que la Su\u00e8de, le Portugal ou la France.[\/vc_column_text][\/vc_column][vc_column column_padding=\u00a0\u00bbno-extra-padding\u00a0\u00bb column_padding_position=\u00a0\u00bball\u00a0\u00bb background_color_opacity=\u00a0\u00bb1&Prime; background_hover_color_opacity=\u00a0\u00bb1&Prime; column_shadow=\u00a0\u00bbnone\u00a0\u00bb column_border_radius=\u00a0\u00bbnone\u00a0\u00bb width=\u00a0\u00bb1\/2&Prime; tablet_text_alignment=\u00a0\u00bbdefault\u00a0\u00bb phone_text_alignment=\u00a0\u00bbdefault\u00a0\u00bb column_border_width=\u00a0\u00bbnone\u00a0\u00bb column_border_style=\u00a0\u00bbsolid\u00a0\u00bb]<div class=\"img-with-aniamtion-wrap \" data-max-width=\"100%\" data-border-radius=\"none\"><div class=\"inner\"><img fetchpriority=\"high\" decoding=\"async\" data-shadow=\"none\" data-shadow-direction=\"middle\" class=\"img-with-animation \" data-delay=\"0\" height=\"731\" width=\"769\" data-animation=\"fade-in\" src=\"https:\/\/cromoclub.com\/wp-content\/uploads\/2014\/04\/quienes-somos.png\" srcset=\"https:\/\/cromoclub.com\/wp-content\/uploads\/2014\/04\/quienes-somos.png 769w, https:\/\/cromoclub.com\/wp-content\/uploads\/2014\/04\/quienes-somos-300x285.png 300w\" sizes=\"100vw\" alt=\"Cromoclub\" \/><\/div><\/div>[\/vc_column][\/vc_row][vc_row type=\u00a0\u00bbin_container\u00a0\u00bb full_screen_row_position=\u00a0\u00bbmiddle\u00a0\u00bb scene_position=\u00a0\u00bbcenter\u00a0\u00bb text_color=\u00a0\u00bbdark\u00a0\u00bb text_align=\u00a0\u00bbleft\u00a0\u00bb top_padding=\u00a0\u00bb40&Prime; overlay_strength=\u00a0\u00bb0.3&Prime; shape_divider_position=\u00a0\u00bbbottom\u00a0\u00bb][vc_column column_padding=\u00a0\u00bbno-extra-padding\u00a0\u00bb column_padding_position=\u00a0\u00bball\u00a0\u00bb background_color_opacity=\u00a0\u00bb1&Prime; background_hover_color_opacity=\u00a0\u00bb1&Prime; column_shadow=\u00a0\u00bbnone\u00a0\u00bb column_border_radius=\u00a0\u00bbnone\u00a0\u00bb width=\u00a0\u00bb1\/1&Prime; tablet_text_alignment=\u00a0\u00bbdefault\u00a0\u00bb phone_text_alignment=\u00a0\u00bbdefault\u00a0\u00bb column_border_width=\u00a0\u00bbnone\u00a0\u00bb column_border_style=\u00a0\u00bbsolid\u00a0\u00bb][vc_text_separator title=\u00a0\u00bbQuelques donn\u00e9es de Cromo Club\u00a0\u00bb][\/vc_column][\/vc_row][vc_row type=\u00a0\u00bbin_container\u00a0\u00bb full_screen_row_position=\u00a0\u00bbmiddle\u00a0\u00bb scene_position=\u00a0\u00bbcenter\u00a0\u00bb text_color=\u00a0\u00bbdark\u00a0\u00bb text_align=\u00a0\u00bbleft\u00a0\u00bb overlay_strength=\u00a0\u00bb0.3&Prime; shape_divider_position=\u00a0\u00bbbottom\u00a0\u00bb][vc_column column_padding=\u00a0\u00bbno-extra-padding\u00a0\u00bb column_padding_position=\u00a0\u00bball\u00a0\u00bb background_color_opacity=\u00a0\u00bb1&Prime; background_hover_color_opacity=\u00a0\u00bb1&Prime; column_shadow=\u00a0\u00bbnone\u00a0\u00bb column_border_radius=\u00a0\u00bbnone\u00a0\u00bb width=\u00a0\u00bb1\/4&Prime; tablet_text_alignment=\u00a0\u00bbdefault\u00a0\u00bb phone_text_alignment=\u00a0\u00bbdefault\u00a0\u00bb column_border_width=\u00a0\u00bbnone\u00a0\u00bb column_border_style=\u00a0\u00bbsolid\u00a0\u00bb]<div class=\"nectar-milestone \"  data-ms-align=\"default\" > <div class=\"number extra-color-1\" data-number-size=\"62\"><span>74<\/span><\/div> <div class=\"subject\" >Projets r\u00e9alis\u00e9s<\/div> <\/div>[\/vc_column][vc_column column_padding=\u00a0\u00bbno-extra-padding\u00a0\u00bb column_padding_position=\u00a0\u00bball\u00a0\u00bb background_color_opacity=\u00a0\u00bb1&Prime; background_hover_color_opacity=\u00a0\u00bb1&Prime; column_shadow=\u00a0\u00bbnone\u00a0\u00bb column_border_radius=\u00a0\u00bbnone\u00a0\u00bb width=\u00a0\u00bb1\/4&Prime; tablet_text_alignment=\u00a0\u00bbdefault\u00a0\u00bb phone_text_alignment=\u00a0\u00bbdefault\u00a0\u00bb column_border_width=\u00a0\u00bbnone\u00a0\u00bb column_border_style=\u00a0\u00bbsolid\u00a0\u00bb]<div class=\"nectar-milestone \"  data-ms-align=\"default\" > <div class=\"number extra-color-1\" data-number-size=\"62\"><span>8436210<\/span><\/div> <div class=\"subject\" >Vignettes<\/div> <\/div>[\/vc_column][vc_column column_padding=\u00a0\u00bbno-extra-padding\u00a0\u00bb column_padding_position=\u00a0\u00bball\u00a0\u00bb background_color_opacity=\u00a0\u00bb1&Prime; background_hover_color_opacity=\u00a0\u00bb1&Prime; column_shadow=\u00a0\u00bbnone\u00a0\u00bb column_border_radius=\u00a0\u00bbnone\u00a0\u00bb width=\u00a0\u00bb1\/4&Prime; tablet_text_alignment=\u00a0\u00bbdefault\u00a0\u00bb phone_text_alignment=\u00a0\u00bbdefault\u00a0\u00bb column_border_width=\u00a0\u00bbnone\u00a0\u00bb column_border_style=\u00a0\u00bbsolid\u00a0\u00bb]<div class=\"nectar-milestone \"  data-ms-align=\"default\" > <div class=\"number extra-color-1\" data-number-size=\"62\"><span>5172195<\/span><\/div> <div class=\"subject\" >Pochettes de vignettes<\/div> <\/div>[\/vc_column][vc_column column_padding=\u00a0\u00bbno-extra-padding\u00a0\u00bb column_padding_position=\u00a0\u00bball\u00a0\u00bb background_color_opacity=\u00a0\u00bb1&Prime; background_hover_color_opacity=\u00a0\u00bb1&Prime; column_shadow=\u00a0\u00bbnone\u00a0\u00bb column_border_radius=\u00a0\u00bbnone\u00a0\u00bb width=\u00a0\u00bb1\/4&Prime; tablet_text_alignment=\u00a0\u00bbdefault\u00a0\u00bb phone_text_alignment=\u00a0\u00bbdefault\u00a0\u00bb column_border_width=\u00a0\u00bbnone\u00a0\u00bb column_border_style=\u00a0\u00bbsolid\u00a0\u00bb]<div class=\"nectar-milestone \"  data-ms-align=\"default\" > <div class=\"number extra-color-1\" data-number-size=\"62\"><span>59373<\/span><\/div> <div class=\"subject\" >Albums imprim\u00e9s<\/div> <\/div>[\/vc_column][\/vc_row]\n","protected":false},"excerpt":{"rendered":"<p>[vc_row type=\u00a0\u00bbin_container\u00a0\u00bb full_screen_row_position=\u00a0\u00bbmiddle\u00a0\u00bb scene_position=\u00a0\u00bbcenter\u00a0\u00bb text_color=\u00a0\u00bbdark\u00a0\u00bb text_align=\u00a0\u00bbleft\u00a0\u00bb top_padding=\u00a0\u00bb20&Prime; overlay_strength=\u00a0\u00bb0.3&Prime; shape_divider_position=\u00a0\u00bbbottom\u00a0\u00bb][vc_column column_padding=\u00a0\u00bbno-extra-padding\u00a0\u00bb column_padding_position=\u00a0\u00bball\u00a0\u00bb background_color_opacity=\u00a0\u00bb1&Prime; background_hover_color_opacity=\u00a0\u00bb1&Prime; column_shadow=\u00a0\u00bbnone\u00a0\u00bb column_border_radius=\u00a0\u00bbnone\u00a0\u00bb width=\u00a0\u00bb1\/2&Prime; tablet_text_alignment=\u00a0\u00bbdefault\u00a0\u00bb phone_text_alignment=\u00a0\u00bbdefault\u00a0\u00bb column_border_width=\u00a0\u00bbnone\u00a0\u00bb column_border_style=\u00a0\u00bbsolid\u00a0\u00bb][vc_column_text]Cromo Club est le r\u00eave de trois entrepreneurs qui, apr\u00e8s 15&#8230;<\/p>\n","protected":false},"author":1,"featured_media":0,"parent":0,"menu_order":0,"comment_status":"open","ping_status":"open","template":"","meta":{"footnotes":""},"class_list":["post-1537","page","type-page","status-publish"],"aioseo_notices":[],"_links":{"self":[{"href":"https:\/\/cromoclub.com\/fr\/wp-json\/wp\/v2\/pages\/1537\/"}],"collection":[{"href":"https:\/\/cromoclub.com\/fr\/wp-json\/wp\/v2\/pages\/"}],"about":[{"href":"https:\/\/cromoclub.com\/fr\/wp-json\/wp\/v2\/types\/page\/"}],"author":[{"embeddable":true,"href":"https:\/\/cromoclub.com\/fr\/wp-json\/wp\/v2\/users\/1\/"}],"replies":[{"embeddable":true,"href":"https:\/\/cromoclub.com\/fr\/wp-json\/wp\/v2\/comments\/?post=1537"}],"version-history":[{"count":10,"href":"https:\/\/cromoclub.com\/fr\/wp-json\/wp\/v2\/pages\/1537\/revisions\/"}],"predecessor-version":[{"id":1573,"href":"https:\/\/cromoclub.com\/fr\/wp-json\/wp\/v2\/pages\/1537\/revisions\/1573\/"}],"wp:attachment":[{"href":"https:\/\/cromoclub.com\/fr\/wp-json\/wp\/v2\/media\/?parent=1537"}],"curies":[{"name":"wp","href":"https:\/\/api.w.org\/{rel}","templated":true}]}}